{"id":717,"date":"2024-06-28T16:57:54","date_gmt":"2024-06-28T19:57:54","guid":{"rendered":"https:\/\/novo-site.archerconsulting.com.br\/?page_id=717"},"modified":"2024-08-23T13:25:05","modified_gmt":"2024-08-23T16:25:05","slug":"cursos-in-company","status":"publish","type":"page","link":"https:\/\/novo-site.archerconsulting.com.br\/pt\/cursos-in-company\/","title":{"rendered":"Cursos In Company"},"content":{"rendered":"\t\t<div data-elementor-type=\"wp-page\" data-elementor-id=\"717\" class=\"elementor elementor-717\" data-elementor-post-type=\"page\">\n\t\t\t\t\t\t<section class=\"elementor-section elementor-top-section elementor-element elementor-element-6213895 elementor-section-boxed elementor-section-height-default elementor-section-height-default\" data-id=\"6213895\" data-element_type=\"section\" data-e-type=\"section\">\n\t\t\t\t\t\t<div class=\"elementor-container elementor-column-gap-default\">\n\t\t\t\t\t<div class=\"elementor-column elementor-col-50 elementor-top-column elementor-element elementor-element-8ce0bce\" data-id=\"8ce0bce\" data-element_type=\"column\" data-e-type=\"column\">\n\t\t\t<div class=\"elementor-widget-wrap elementor-element-populated\">\n\t\t\t\t\t\t<div class=\"elementor-element elementor-element-faf2afb elementor-widget elementor-widget-heading\" data-id=\"faf2afb\" data-element_type=\"widget\" data-e-type=\"widget\" data-widget_type=\"heading.default\">\n\t\t\t\t<div class=\"elementor-widget-container\">\n\t\t\t\t\t<h2 class=\"elementor-heading-title elementor-size-default\">Cursos In Company<\/h2>\t\t\t\t<\/div>\n\t\t\t\t<\/div>\n\t\t\t\t<div class=\"elementor-element elementor-element-d45e142 elementor-icon-list--layout-traditional elementor-list-item-link-full_width elementor-widget elementor-widget-icon-list\" data-id=\"d45e142\" data-element_type=\"widget\" data-e-type=\"widget\" data-widget_type=\"icon-list.default\">\n\t\t\t\t<div class=\"elementor-widget-container\">\n\t\t\t\t\t\t\t<ul class=\"elementor-icon-list-items\">\n\t\t\t\t\t\t\t<li class=\"elementor-icon-list-item\">\n\t\t\t\t\t\t\t\t\t\t\t<span class=\"elementor-icon-list-icon\">\n\t\t\t\t\t\t\t<svg aria-hidden=\"true\" class=\"e-font-icon-svg e-fas-arrow-circle-right\" viewBox=\"0 0 512 512\" xmlns=\"http:\/\/www.w3.org\/2000\/svg\"><path d=\"M256 8c137 0 248 111 248 248S393 504 256 504 8 393 8 256 119 8 256 8zm-28.9 143.6l75.5 72.4H120c-13.3 0-24 10.7-24 24v16c0 13.3 10.7 24 24 24h182.6l-75.5 72.4c-9.7 9.3-9.9 24.8-.4 34.3l11 10.9c9.4 9.4 24.6 9.4 33.9 0L404.3 273c9.4-9.4 9.4-24.6 0-33.9L271.6 106.3c-9.4-9.4-24.6-9.4-33.9 0l-11 10.9c-9.5 9.6-9.3 25.1.4 34.4z\"><\/path><\/svg>\t\t\t\t\t\t<\/span>\n\t\t\t\t\t\t\t\t\t\t<span class=\"elementor-icon-list-text\">Confira como s\u00e3o os m\u00f3dulos do curso que a Archer Consulting leva at\u00e9 a sua empresa.<\/span>\n\t\t\t\t\t\t\t\t\t<\/li>\n\t\t\t\t\t\t<\/ul>\n\t\t\t\t\t\t<\/div>\n\t\t\t\t<\/div>\n\t\t\t\t<div class=\"elementor-element elementor-element-ef87a0d elementor-widget elementor-widget-text-editor\" data-id=\"ef87a0d\" data-element_type=\"widget\" data-e-type=\"widget\" data-widget_type=\"text-editor.default\">\n\t\t\t\t<div class=\"elementor-widget-container\">\n\t\t\t\t\t\t\t\t\t<p>O conhecimento sobre o mercado de commodities agr\u00edcolas, gest\u00e3o de risco, agroneg\u00f3cio brasileiro e cen\u00e1rio econ\u00f4mico mundial de commodity a um s\u00f3 passo da sua empresa.\u00a0<\/p><p>A Archer Consulting \u00e9 uma das principais empresas do Brasil em gest\u00e3o de riscos para commodities agr\u00edcolas e possui uma vasta experi\u00eancia em disseminar esse conhecimento, por meio de seus cursos desenvolvidos exclusivamente para empresas do agroneg\u00f3cio ou que operam nesse mercado.\u00a0<\/p><p>Os m\u00f3dulos apresentados a seguir s\u00e3o apenas referenciais.\u00a0<\/p><p>A Archer Consulting desenvolve o curso tailor-made, conforme a necessidade da empresa e da commodity em quest\u00e3o, voltado para os profissionais da sua equipe.<\/p>\t\t\t\t\t\t\t\t<\/div>\n\t\t\t\t<\/div>\n\t\t\t\t<section class=\"elementor-section elementor-inner-section elementor-element elementor-element-62ca0c0 elementor-section-boxed elementor-section-height-default elementor-section-height-default\" data-id=\"62ca0c0\" data-element_type=\"section\" data-e-type=\"section\">\n\t\t\t\t\t\t<div class=\"elementor-container elementor-column-gap-default\">\n\t\t\t\t\t<div class=\"elementor-column elementor-col-100 elementor-inner-column elementor-element elementor-element-06dbe74\" data-id=\"06dbe74\" data-element_type=\"column\" data-e-type=\"column\" data-settings=\"{&quot;background_background&quot;:&quot;classic&quot;}\">\n\t\t\t<div class=\"elementor-widget-wrap elementor-element-populated\">\n\t\t\t\t\t\t<div class=\"elementor-element elementor-element-bcb160d elementor-widget elementor-widget-image\" data-id=\"bcb160d\" data-element_type=\"widget\" data-e-type=\"widget\" data-widget_type=\"image.default\">\n\t\t\t\t<div class=\"elementor-widget-container\">\n\t\t\t\t\t\t\t\t\t\t\t\t\t\t\t<img decoding=\"async\" width=\"99\" height=\"99\" src=\"https:\/\/novo-site.archerconsulting.com.br\/wp-content\/uploads\/2024\/06\/icon1.png\" class=\"attachment-full size-full wp-image-738\" alt=\"\" \/>\t\t\t\t\t\t\t\t\t\t\t\t\t\t\t<\/div>\n\t\t\t\t<\/div>\n\t\t\t\t<div class=\"elementor-element elementor-element-b3eb590 elementor-widget elementor-widget-heading\" data-id=\"b3eb590\" data-element_type=\"widget\" data-e-type=\"widget\" data-widget_type=\"heading.default\">\n\t\t\t\t<div class=\"elementor-widget-container\">\n\t\t\t\t\t<h5 class=\"elementor-heading-title elementor-size-default\">M\u00f3dulo Senior<\/h5>\t\t\t\t<\/div>\n\t\t\t\t<\/div>\n\t\t\t\t<div class=\"elementor-element elementor-element-aad6960 elementor-widget elementor-widget-text-editor\" data-id=\"aad6960\" data-element_type=\"widget\" data-e-type=\"widget\" data-widget_type=\"text-editor.default\">\n\t\t\t\t<div class=\"elementor-widget-container\">\n\t\t\t\t\t\t\t\t\t<p>Executivos com responsabilidades nas \u00e1reas comerciais, financeira, tesouraria, traders com mais de cinco anos de experi\u00eancia que est\u00e3o familiarizados com os mercados derivativos, controllers e auditores que precisam conhecer com profundidade os mecanismos de prote\u00e7\u00e3o existentes no mercado, gestores de risco, profissionais na \u00e1rea de cr\u00e9dito, investidores, conselheiros de empresas, jornalistas que cobrem os mercados de commodities, estudantes dos cursos de gradua\u00e7\u00e3o, p\u00f3s-gradua\u00e7\u00e3o, MBA e demais pessoas interessadas.<\/p>\t\t\t\t\t\t\t\t<\/div>\n\t\t\t\t<\/div>\n\t\t\t\t\t<\/div>\n\t\t<\/div>\n\t\t\t\t\t<\/div>\n\t\t<\/section>\n\t\t\t\t<div class=\"elementor-element elementor-element-9295259 elementor-align-left elementor-widget elementor-widget-button\" data-id=\"9295259\" data-element_type=\"widget\" data-e-type=\"widget\" data-widget_type=\"button.default\">\n\t\t\t\t<div class=\"elementor-widget-container\">\n\t\t\t\t\t\t\t\t\t<div class=\"elementor-button-wrapper\">\n\t\t\t\t\t<a class=\"elementor-button elementor-button-link elementor-size-sm\" href=\"https:\/\/archerconsulting.com.br\/fale-conosco\/\">\n\t\t\t\t\t\t<span class=\"elementor-button-content-wrapper\">\n\t\t\t\t\t\t<span class=\"elementor-button-icon\">\n\t\t\t\t<svg aria-hidden=\"true\" class=\"e-font-icon-svg e-fas-angle-right\" viewBox=\"0 0 256 512\" xmlns=\"http:\/\/www.w3.org\/2000\/svg\"><path d=\"M224.3 273l-136 136c-9.4 9.4-24.6 9.4-33.9 0l-22.6-22.6c-9.4-9.4-9.4-24.6 0-33.9l96.4-96.4-96.4-96.4c-9.4-9.4-9.4-24.6 0-33.9L54.3 103c9.4-9.4 24.6-9.4 33.9 0l136 136c9.5 9.4 9.5 24.6.1 34z\"><\/path><\/svg>\t\t\t<\/span>\n\t\t\t\t\t\t\t\t\t<span class=\"elementor-button-text\">Saiba Mais<\/span>\n\t\t\t\t\t<\/span>\n\t\t\t\t\t<\/a>\n\t\t\t\t<\/div>\n\t\t\t\t\t\t\t\t<\/div>\n\t\t\t\t<\/div>\n\t\t\t\t<section class=\"elementor-section elementor-inner-section elementor-element elementor-element-ce110a2 elementor-section-boxed elementor-section-height-default elementor-section-height-default\" data-id=\"ce110a2\" data-element_type=\"section\" data-e-type=\"section\">\n\t\t\t\t\t\t<div class=\"elementor-container elementor-column-gap-default\">\n\t\t\t\t\t<div class=\"elementor-column elementor-col-100 elementor-inner-column elementor-element elementor-element-dc3762d\" data-id=\"dc3762d\" data-element_type=\"column\" data-e-type=\"column\" data-settings=\"{&quot;background_background&quot;:&quot;classic&quot;}\">\n\t\t\t<div class=\"elementor-widget-wrap elementor-element-populated\">\n\t\t\t\t\t\t<div class=\"elementor-element elementor-element-441ed8a elementor-widget elementor-widget-image\" data-id=\"441ed8a\" data-element_type=\"widget\" data-e-type=\"widget\" data-widget_type=\"image.default\">\n\t\t\t\t<div class=\"elementor-widget-container\">\n\t\t\t\t\t\t\t\t\t\t\t\t\t\t\t<img decoding=\"async\" width=\"99\" height=\"99\" src=\"https:\/\/novo-site.archerconsulting.com.br\/wp-content\/uploads\/2024\/06\/icon2.png\" class=\"attachment-full size-full wp-image-739\" alt=\"\" \/>\t\t\t\t\t\t\t\t\t\t\t\t\t\t\t<\/div>\n\t\t\t\t<\/div>\n\t\t\t\t<div class=\"elementor-element elementor-element-77418dd elementor-widget elementor-widget-heading\" data-id=\"77418dd\" data-element_type=\"widget\" data-e-type=\"widget\" data-widget_type=\"heading.default\">\n\t\t\t\t<div class=\"elementor-widget-container\">\n\t\t\t\t\t<h5 class=\"elementor-heading-title elementor-size-default\">M\u00f3dulo Pleno<\/h5>\t\t\t\t<\/div>\n\t\t\t\t<\/div>\n\t\t\t\t<div class=\"elementor-element elementor-element-f9050f9 elementor-widget elementor-widget-text-editor\" data-id=\"f9050f9\" data-element_type=\"widget\" data-e-type=\"widget\" data-widget_type=\"text-editor.default\">\n\t\t\t\t<div class=\"elementor-widget-container\">\n\t\t\t\t\t\t\t\t\t<p>Destinado aos executivos com responsabilidades nas \u00e1reas comerciais, financeira, tesouraria, controladoria, log\u00edstica, produ\u00e7\u00e3o e jur\u00eddica, traders que operam os mercados derivativos, controllers e auditores que precisam conhecer com profundidade os mecanismos de prote\u00e7\u00e3o existentes no mercado, gestores de risco, profissionais na \u00e1rea de cr\u00e9dito, investidores, conselheiros de empresas, jornalistas que cobrem os mercados de commodities, estudantes dos cursos de gradua\u00e7\u00e3o, p\u00f3s-gradua\u00e7\u00e3o, MBA e demais pessoas interessadas.<\/p>\t\t\t\t\t\t\t\t<\/div>\n\t\t\t\t<\/div>\n\t\t\t\t\t<\/div>\n\t\t<\/div>\n\t\t\t\t\t<\/div>\n\t\t<\/section>\n\t\t\t\t<div class=\"elementor-element elementor-element-e8e748e elementor-align-left elementor-widget elementor-widget-button\" data-id=\"e8e748e\" data-element_type=\"widget\" data-e-type=\"widget\" data-widget_type=\"button.default\">\n\t\t\t\t<div class=\"elementor-widget-container\">\n\t\t\t\t\t\t\t\t\t<div class=\"elementor-button-wrapper\">\n\t\t\t\t\t<a class=\"elementor-button elementor-button-link elementor-size-sm\" href=\"https:\/\/archerconsulting.com.br\/fale-conosco\/\">\n\t\t\t\t\t\t<span class=\"elementor-button-content-wrapper\">\n\t\t\t\t\t\t<span class=\"elementor-button-icon\">\n\t\t\t\t<svg aria-hidden=\"true\" class=\"e-font-icon-svg e-fas-angle-right\" viewBox=\"0 0 256 512\" xmlns=\"http:\/\/www.w3.org\/2000\/svg\"><path d=\"M224.3 273l-136 136c-9.4 9.4-24.6 9.4-33.9 0l-22.6-22.6c-9.4-9.4-9.4-24.6 0-33.9l96.4-96.4-96.4-96.4c-9.4-9.4-9.4-24.6 0-33.9L54.3 103c9.4-9.4 24.6-9.4 33.9 0l136 136c9.5 9.4 9.5 24.6.1 34z\"><\/path><\/svg>\t\t\t<\/span>\n\t\t\t\t\t\t\t\t\t<span class=\"elementor-button-text\">Saiba Mais<\/span>\n\t\t\t\t\t<\/span>\n\t\t\t\t\t<\/a>\n\t\t\t\t<\/div>\n\t\t\t\t\t\t\t\t<\/div>\n\t\t\t\t<\/div>\n\t\t\t\t<section class=\"elementor-section elementor-inner-section elementor-element elementor-element-7a52ebd elementor-section-boxed elementor-section-height-default elementor-section-height-default\" data-id=\"7a52ebd\" data-element_type=\"section\" data-e-type=\"section\">\n\t\t\t\t\t\t<div class=\"elementor-container elementor-column-gap-default\">\n\t\t\t\t\t<div class=\"elementor-column elementor-col-100 elementor-inner-column elementor-element elementor-element-9b61b71\" data-id=\"9b61b71\" data-element_type=\"column\" data-e-type=\"column\" data-settings=\"{&quot;background_background&quot;:&quot;classic&quot;}\">\n\t\t\t<div class=\"elementor-widget-wrap elementor-element-populated\">\n\t\t\t\t\t\t<div class=\"elementor-element elementor-element-4ef53d5 elementor-widget elementor-widget-image\" data-id=\"4ef53d5\" data-element_type=\"widget\" data-e-type=\"widget\" data-widget_type=\"image.default\">\n\t\t\t\t<div class=\"elementor-widget-container\">\n\t\t\t\t\t\t\t\t\t\t\t\t\t\t\t<img decoding=\"async\" width=\"99\" height=\"99\" src=\"https:\/\/novo-site.archerconsulting.com.br\/wp-content\/uploads\/2024\/06\/icon3.png\" class=\"attachment-full size-full wp-image-740\" alt=\"\" \/>\t\t\t\t\t\t\t\t\t\t\t\t\t\t\t<\/div>\n\t\t\t\t<\/div>\n\t\t\t\t<div class=\"elementor-element elementor-element-4359af2 elementor-widget elementor-widget-heading\" data-id=\"4359af2\" data-element_type=\"widget\" data-e-type=\"widget\" data-widget_type=\"heading.default\">\n\t\t\t\t<div class=\"elementor-widget-container\">\n\t\t\t\t\t<h5 class=\"elementor-heading-title elementor-size-default\">M\u00f3dulo Intensivo<\/h5>\t\t\t\t<\/div>\n\t\t\t\t<\/div>\n\t\t\t\t<div class=\"elementor-element elementor-element-7da752e elementor-widget elementor-widget-text-editor\" data-id=\"7da752e\" data-element_type=\"widget\" data-e-type=\"widget\" data-widget_type=\"text-editor.default\">\n\t\t\t\t<div class=\"elementor-widget-container\">\n\t\t\t\t\t\t\t\t\t<p>Destinado aos executivos com responsabilidades nas \u00e1reas comerciais, financeira, tesouraria, controladoria, log\u00edstica, produ\u00e7\u00e3o e jur\u00eddica, traders que operam os mercados derivativos, controllers e auditores que precisam conhecer com profundidade os mecanismos de prote\u00e7\u00e3o existentes no mercado, gestores de risco, profissionais na \u00e1rea de cr\u00e9dito, investidores, conselheiros de empresas, jornalistas que cobrem os mercados de commodities, estudantes dos cursos de gradua\u00e7\u00e3o, p\u00f3s-gradua\u00e7\u00e3o, MBA e demais pessoas interessadas.<\/p>\t\t\t\t\t\t\t\t<\/div>\n\t\t\t\t<\/div>\n\t\t\t\t\t<\/div>\n\t\t<\/div>\n\t\t\t\t\t<\/div>\n\t\t<\/section>\n\t\t\t\t<div class=\"elementor-element elementor-element-4c971a7 elementor-align-left elementor-widget elementor-widget-button\" data-id=\"4c971a7\" data-element_type=\"widget\" data-e-type=\"widget\" data-widget_type=\"button.default\">\n\t\t\t\t<div class=\"elementor-widget-container\">\n\t\t\t\t\t\t\t\t\t<div class=\"elementor-button-wrapper\">\n\t\t\t\t\t<a class=\"elementor-button elementor-button-link elementor-size-sm\" href=\"https:\/\/archerconsulting.com.br\/fale-conosco\/\">\n\t\t\t\t\t\t<span class=\"elementor-button-content-wrapper\">\n\t\t\t\t\t\t<span class=\"elementor-button-icon\">\n\t\t\t\t<svg aria-hidden=\"true\" class=\"e-font-icon-svg e-fas-angle-right\" viewBox=\"0 0 256 512\" xmlns=\"http:\/\/www.w3.org\/2000\/svg\"><path d=\"M224.3 273l-136 136c-9.4 9.4-24.6 9.4-33.9 0l-22.6-22.6c-9.4-9.4-9.4-24.6 0-33.9l96.4-96.4-96.4-96.4c-9.4-9.4-9.4-24.6 0-33.9L54.3 103c9.4-9.4 24.6-9.4 33.9 0l136 136c9.5 9.4 9.5 24.6.1 34z\"><\/path><\/svg>\t\t\t<\/span>\n\t\t\t\t\t\t\t\t\t<span class=\"elementor-button-text\">Saiba Mais<\/span>\n\t\t\t\t\t<\/span>\n\t\t\t\t\t<\/a>\n\t\t\t\t<\/div>\n\t\t\t\t\t\t\t\t<\/div>\n\t\t\t\t<\/div>\n\t\t\t\t\t<\/div>\n\t\t<\/div>\n\t\t\t\t<div class=\"elementor-column elementor-col-50 elementor-top-column elementor-element elementor-element-a3e3da5\" data-id=\"a3e3da5\" data-element_type=\"column\" data-e-type=\"column\">\n\t\t\t<div class=\"elementor-widget-wrap elementor-element-populated\">\n\t\t\t\t\t\t<div class=\"elementor-element elementor-element-b4def21 elementor-widget elementor-widget-heading\" data-id=\"b4def21\" data-element_type=\"widget\" data-e-type=\"widget\" data-widget_type=\"heading.default\">\n\t\t\t\t<div class=\"elementor-widget-container\">\n\t\t\t\t\t<h5 class=\"elementor-heading-title elementor-size-default\">Saiba mais sobre nossos cursos <br><span style=\"color: #f15a21\">In Company<\/span>  \n<\/h5>\t\t\t\t<\/div>\n\t\t\t\t<\/div>\n\t\t\t\t<div class=\"elementor-element elementor-element-7a628fb elementor-widget elementor-widget-text-editor\" data-id=\"7a628fb\" data-element_type=\"widget\" data-e-type=\"widget\" data-widget_type=\"text-editor.default\">\n\t\t\t\t<div class=\"elementor-widget-container\">\n\t\t\t\t\t\t\t\t\t<p>Confira valores, disponibilidade e datas.<\/p>\t\t\t\t\t\t\t\t<\/div>\n\t\t\t\t<\/div>\n\t\t\t\t<div class=\"elementor-element elementor-element-e3940a7 elementor-widget elementor-widget-button\" data-id=\"e3940a7\" data-element_type=\"widget\" data-e-type=\"widget\" data-widget_type=\"button.default\">\n\t\t\t\t<div class=\"elementor-widget-container\">\n\t\t\t\t\t\t\t\t\t<div class=\"elementor-button-wrapper\">\n\t\t\t\t\t<a class=\"elementor-button elementor-button-link elementor-size-sm\" href=\"#\">\n\t\t\t\t\t\t<span class=\"elementor-button-content-wrapper\">\n\t\t\t\t\t\t<span class=\"elementor-button-icon\">\n\t\t\t\t<svg aria-hidden=\"true\" class=\"e-font-icon-svg e-fas-angle-right\" viewBox=\"0 0 256 512\" xmlns=\"http:\/\/www.w3.org\/2000\/svg\"><path d=\"M224.3 273l-136 136c-9.4 9.4-24.6 9.4-33.9 0l-22.6-22.6c-9.4-9.4-9.4-24.6 0-33.9l96.4-96.4-96.4-96.4c-9.4-9.4-9.4-24.6 0-33.9L54.3 103c9.4-9.4 24.6-9.4 33.9 0l136 136c9.5 9.4 9.5 24.6.1 34z\"><\/path><\/svg>\t\t\t<\/span>\n\t\t\t\t\t\t\t\t\t<span class=\"elementor-button-text\">Estou interessado<\/span>\n\t\t\t\t\t<\/span>\n\t\t\t\t\t<\/a>\n\t\t\t\t<\/div>\n\t\t\t\t\t\t\t\t<\/div>\n\t\t\t\t<\/div>\n\t\t\t\t<div class=\"elementor-element elementor-element-d057403 elementor-widget elementor-widget-heading\" data-id=\"d057403\" data-element_type=\"widget\" data-e-type=\"widget\" data-widget_type=\"heading.default\">\n\t\t\t\t<div class=\"elementor-widget-container\">\n\t\t\t\t\t<h5 class=\"elementor-heading-title elementor-size-default\">Formas de<br> <span style=\"color: #f15a21\">Pagamento<\/span>  \n<\/h5>\t\t\t\t<\/div>\n\t\t\t\t<\/div>\n\t\t\t\t<div class=\"elementor-element elementor-element-f0a7c01 elementor-widget elementor-widget-text-editor\" data-id=\"f0a7c01\" data-element_type=\"widget\" data-e-type=\"widget\" data-widget_type=\"text-editor.default\">\n\t\t\t\t<div class=\"elementor-widget-container\">\n\t\t\t\t\t\t\t\t\t<p>Dep\u00f3sito no Banco Ita\u00fa<\/p><p>Ag\u00eancia: 3746<\/p><p><br \/>Conta Corrente: 07775-3,<\/p><p>Nome: Archer Consulting &#8211; Assessoria em Mercados Futuros, O\u00e7\u00f5es e Derivados Ltda.\u00a0<\/p><p><br \/>CNPJ (MF): 03.901.344\/0001-60.<\/p><p>N\u00c3O TRABALHAMOS COM BOLETO BANC\u00c1RIO<\/p>\t\t\t\t\t\t\t\t<\/div>\n\t\t\t\t<\/div>\n\t\t\t\t<div class=\"elementor-element elementor-element-4576e82 elementor-widget elementor-widget-heading\" data-id=\"4576e82\" data-element_type=\"widget\" data-e-type=\"widget\" data-widget_type=\"heading.default\">\n\t\t\t\t<div class=\"elementor-widget-container\">\n\t\t\t\t\t<h5 class=\"elementor-heading-title elementor-size-default\">Pol\u00edtica de <br> <span style=\"color: #f15a21\">cancelamento<\/span>  \n<\/h5>\t\t\t\t<\/div>\n\t\t\t\t<\/div>\n\t\t\t\t<div class=\"elementor-element elementor-element-59d5152 elementor-widget elementor-widget-text-editor\" data-id=\"59d5152\" data-element_type=\"widget\" data-e-type=\"widget\" data-widget_type=\"text-editor.default\">\n\t\t\t\t<div class=\"elementor-widget-container\">\n\t\t\t\t\t\t\t\t\t<p>a) A inscri\u00e7\u00e3o sendo cancelada em at\u00e9 30 (trinta) dias antes da data do curso, por escrito, faremos a devolu\u00e7\u00e3o de 75% (setenta e cinco por cento) do valor pago;<\/p><p>b) Caso seja cancelada em at\u00e9 15 (quinze) dias antes da data do curso, por escrito, concederemos um cr\u00e9dito de 70% (setenta por cento) do valor pago para ser utilizado no pr\u00f3ximo curso da Archer Consulting, se houver. A utiliza\u00e7\u00e3o desse cr\u00e9dito poder\u00e1 ser feita somente no curso subsequente, podendo haver diferen\u00e7as de valores no momento da renova\u00e7\u00e3o da inscri\u00e7\u00e3o.<\/p><p>c) A inscri\u00e7\u00e3o poder\u00e1 ser transferida para outro participante at\u00e9 a data do curso, sem custo adicional, desde que a mudan\u00e7a seja comunicada previamente por escrito.<\/p><p>d) Se o(a) inscrito(a) n\u00e3o comparecer na data do curso e n\u00e3o tiver avisado do seu cancelamento ou substitui\u00e7\u00e3o por escrito, N\u00c3O ter\u00e1 direito \u00e0 devolu\u00e7\u00e3o de qualquer valor pago.<\/p>\t\t\t\t\t\t\t\t<\/div>\n\t\t\t\t<\/div>\n\t\t\t\t\t<\/div>\n\t\t<\/div>\n\t\t\t\t\t<\/div>\n\t\t<\/section>\n\t\t\t\t<\/div>\n\t\t","protected":false},"excerpt":{"rendered":"<p>Cursos In Company Confira como s\u00e3o os m\u00f3dulos do curso que a Archer Consulting leva at\u00e9 a sua empresa. O conhecimento sobre o mercado de commodities agr\u00edcolas, gest\u00e3o de risco, agroneg\u00f3cio brasileiro e cen\u00e1rio econ\u00f4mico mundial de commodity a um s\u00f3 passo da sua empresa.\u00a0 A Archer Consulting \u00e9 uma das principais empresas do Brasil [&hellip;]<\/p>\n","protected":false},"author":1,"featured_media":0,"parent":0,"menu_order":0,"comment_status":"closed","ping_status":"closed","template":"elementor_header_footer","meta":{"footnotes":""},"class_list":["post-717","page","type-page","status-publish","hentry"],"_links":{"self":[{"href":"https:\/\/novo-site.archerconsulting.com.br\/pt\/wp-json\/wp\/v2\/pages\/717","targetHints":{"allow":["GET"]}}],"collection":[{"href":"https:\/\/novo-site.archerconsulting.com.br\/pt\/wp-json\/wp\/v2\/pages"}],"about":[{"href":"https:\/\/novo-site.archerconsulting.com.br\/pt\/wp-json\/wp\/v2\/types\/page"}],"author":[{"embeddable":true,"href":"https:\/\/novo-site.archerconsulting.com.br\/pt\/wp-json\/wp\/v2\/users\/1"}],"replies":[{"embeddable":true,"href":"https:\/\/novo-site.archerconsulting.com.br\/pt\/wp-json\/wp\/v2\/comments?post=717"}],"version-history":[{"count":31,"href":"https:\/\/novo-site.archerconsulting.com.br\/pt\/wp-json\/wp\/v2\/pages\/717\/revisions"}],"predecessor-version":[{"id":10602,"href":"https:\/\/novo-site.archerconsulting.com.br\/pt\/wp-json\/wp\/v2\/pages\/717\/revisions\/10602"}],"wp:attachment":[{"href":"https:\/\/novo-site.archerconsulting.com.br\/pt\/wp-json\/wp\/v2\/media?parent=717"}],"curies":[{"name":"wp","href":"https:\/\/api.w.org\/{rel}","templated":true}]}}