{"id":351,"date":"2024-06-22T09:40:19","date_gmt":"2024-06-22T12:40:19","guid":{"rendered":"https:\/\/novo-site.archerconsulting.com.br\/?page_id=351"},"modified":"2024-07-15T22:45:30","modified_gmt":"2024-07-16T01:45:30","slug":"quem-somos","status":"publish","type":"page","link":"https:\/\/novo-site.archerconsulting.com.br\/pt\/quem-somos\/","title":{"rendered":"Quem Somos"},"content":{"rendered":"\t\t<div data-elementor-type=\"wp-page\" data-elementor-id=\"351\" class=\"elementor elementor-351\" data-elementor-post-type=\"page\">\n\t\t\t\t\t\t<section class=\"elementor-section elementor-top-section elementor-element elementor-element-6213895 elementor-section-boxed elementor-section-height-default elementor-section-height-default\" data-id=\"6213895\" data-element_type=\"section\" data-e-type=\"section\">\n\t\t\t\t\t\t<div class=\"elementor-container elementor-column-gap-default\">\n\t\t\t\t\t<div class=\"elementor-column elementor-col-50 elementor-top-column elementor-element elementor-element-8ce0bce\" data-id=\"8ce0bce\" data-element_type=\"column\" data-e-type=\"column\">\n\t\t\t<div class=\"elementor-widget-wrap elementor-element-populated\">\n\t\t\t\t\t\t<div class=\"elementor-element elementor-element-faf2afb elementor-widget elementor-widget-heading\" data-id=\"faf2afb\" data-element_type=\"widget\" data-e-type=\"widget\" data-widget_type=\"heading.default\">\n\t\t\t\t<div class=\"elementor-widget-container\">\n\t\t\t\t\t<h2 class=\"elementor-heading-title elementor-size-default\"><font color=\"#f15a21\" size=\"4px\">a empresa\n<\/font><br><b>Sobre a Archer <br>Consulting<\/b><\/h2>\t\t\t\t<\/div>\n\t\t\t\t<\/div>\n\t\t\t\t<div class=\"elementor-element elementor-element-d45e142 elementor-icon-list--layout-traditional elementor-list-item-link-full_width elementor-widget elementor-widget-icon-list\" data-id=\"d45e142\" data-element_type=\"widget\" data-e-type=\"widget\" data-widget_type=\"icon-list.default\">\n\t\t\t\t<div class=\"elementor-widget-container\">\n\t\t\t\t\t\t\t<ul class=\"elementor-icon-list-items\">\n\t\t\t\t\t\t\t<li class=\"elementor-icon-list-item\">\n\t\t\t\t\t\t\t\t\t\t\t<span class=\"elementor-icon-list-icon\">\n\t\t\t\t\t\t\t<svg aria-hidden=\"true\" class=\"e-font-icon-svg e-fas-arrow-circle-right\" viewBox=\"0 0 512 512\" xmlns=\"http:\/\/www.w3.org\/2000\/svg\"><path d=\"M256 8c137 0 248 111 248 248S393 504 256 504 8 393 8 256 119 8 256 8zm-28.9 143.6l75.5 72.4H120c-13.3 0-24 10.7-24 24v16c0 13.3 10.7 24 24 24h182.6l-75.5 72.4c-9.7 9.3-9.9 24.8-.4 34.3l11 10.9c9.4 9.4 24.6 9.4 33.9 0L404.3 273c9.4-9.4 9.4-24.6 0-33.9L271.6 106.3c-9.4-9.4-24.6-9.4-33.9 0l-11 10.9c-9.5 9.6-9.3 25.1.4 34.4z\"><\/path><\/svg>\t\t\t\t\t\t<\/span>\n\t\t\t\t\t\t\t\t\t\t<span class=\"elementor-icon-list-text\">Conhe\u00e7a sobre a hist\u00f3ria da Archer Consulting<\/span>\n\t\t\t\t\t\t\t\t\t<\/li>\n\t\t\t\t\t\t<\/ul>\n\t\t\t\t\t\t<\/div>\n\t\t\t\t<\/div>\n\t\t\t\t<div class=\"elementor-element elementor-element-db55ed5 elementor-widget elementor-widget-button\" data-id=\"db55ed5\" data-element_type=\"widget\" data-e-type=\"widget\" data-widget_type=\"button.default\">\n\t\t\t\t<div class=\"elementor-widget-container\">\n\t\t\t\t\t\t\t\t\t<div class=\"elementor-button-wrapper\">\n\t\t\t\t\t<a class=\"elementor-button elementor-button-link elementor-size-sm\" href=\"https:\/\/novo-site.archerconsulting.com.br\/pt\/fale-conosco\/\">\n\t\t\t\t\t\t<span class=\"elementor-button-content-wrapper\">\n\t\t\t\t\t\t<span class=\"elementor-button-icon\">\n\t\t\t\t<svg aria-hidden=\"true\" class=\"e-font-icon-svg e-fas-angle-right\" viewBox=\"0 0 256 512\" xmlns=\"http:\/\/www.w3.org\/2000\/svg\"><path d=\"M224.3 273l-136 136c-9.4 9.4-24.6 9.4-33.9 0l-22.6-22.6c-9.4-9.4-9.4-24.6 0-33.9l96.4-96.4-96.4-96.4c-9.4-9.4-9.4-24.6 0-33.9L54.3 103c9.4-9.4 24.6-9.4 33.9 0l136 136c9.5 9.4 9.5 24.6.1 34z\"><\/path><\/svg>\t\t\t<\/span>\n\t\t\t\t\t\t\t\t\t<span class=\"elementor-button-text\">Entre em contato<\/span>\n\t\t\t\t\t<\/span>\n\t\t\t\t\t<\/a>\n\t\t\t\t<\/div>\n\t\t\t\t\t\t\t\t<\/div>\n\t\t\t\t<\/div>\n\t\t\t\t\t<\/div>\n\t\t<\/div>\n\t\t\t\t<div class=\"elementor-column elementor-col-50 elementor-top-column elementor-element elementor-element-4d55c4f elementor-invisible\" data-id=\"4d55c4f\" data-element_type=\"column\" data-e-type=\"column\" data-settings=\"{&quot;animation&quot;:&quot;fadeInRight&quot;}\">\n\t\t\t<div class=\"elementor-widget-wrap elementor-element-populated\">\n\t\t\t\t\t\t<div class=\"elementor-element elementor-element-8a5acd5 elementor-widget elementor-widget-text-editor\" data-id=\"8a5acd5\" data-element_type=\"widget\" data-e-type=\"widget\" data-widget_type=\"text-editor.default\">\n\t\t\t\t<div class=\"elementor-widget-container\">\n\t\t\t\t\t\t\t\t\t<p>O sucesso do seu investimento nas m\u00e3os daqueles que sabem mais em commodities agr\u00edcolas.\u00a0<\/p><p>Criada h\u00e1 mais de 20 anos, a Archer Consulting \u00e9 uma empresa que une conhecimento sobre um dos mais antigos temas da humanidade \u2013 negocia\u00e7\u00e3o de produtos agr\u00edcolas \u2013 com as modernas ferramentas dos mercados globais de hoje \u2013 gest\u00e3o de riscos no mercado futuro, op\u00e7\u00f5es e derivativos.\u00a0<\/p><p>A Archer Consulting \u00e9 especializada em gest\u00e3o de riscos para commodities agr\u00edcolas, com servi\u00e7os de consultoria no mercado de futuros e op\u00e7\u00f5es, e oferece um formato exclusivo para o gerenciamento e planejamento de riscos inerentes ao marketing internacional e \u00e0 negocia\u00e7\u00e3o de longo prazo do agroneg\u00f3cio. sucesso de seu investimento nas m\u00e3os daqueles que mais sabem em commodities agr\u00edcolas.<\/p>\t\t\t\t\t\t\t\t<\/div>\n\t\t\t\t<\/div>\n\t\t\t\t\t<\/div>\n\t\t<\/div>\n\t\t\t\t\t<\/div>\n\t\t<\/section>\n\t\t\t\t<section class=\"elementor-section elementor-top-section elementor-element elementor-element-081335f elementor-section-boxed elementor-section-height-default elementor-section-height-default\" data-id=\"081335f\" data-element_type=\"section\" data-e-type=\"section\" data-settings=\"{&quot;background_background&quot;:&quot;classic&quot;}\">\n\t\t\t\t\t\t\t<div class=\"elementor-background-overlay\"><\/div>\n\t\t\t\t\t\t\t<div class=\"elementor-container elementor-column-gap-default\">\n\t\t\t\t\t<div class=\"elementor-column elementor-col-50 elementor-top-column elementor-element elementor-element-3cee39f elementor-invisible\" data-id=\"3cee39f\" data-element_type=\"column\" data-e-type=\"column\" data-settings=\"{&quot;animation&quot;:&quot;fadeInLeft&quot;}\">\n\t\t\t<div class=\"elementor-widget-wrap elementor-element-populated\">\n\t\t\t\t\t\t<div class=\"elementor-element elementor-element-b612167 elementor-widget elementor-widget-heading\" data-id=\"b612167\" data-element_type=\"widget\" data-e-type=\"widget\" data-widget_type=\"heading.default\">\n\t\t\t\t<div class=\"elementor-widget-container\">\n\t\t\t\t\t<h2 class=\"elementor-heading-title elementor-size-default\"><b>Por que <span style=\"color: #f15a21\">Archer ?<\/span> <\/b><\/h2>\t\t\t\t<\/div>\n\t\t\t\t<\/div>\n\t\t\t\t<div class=\"elementor-element elementor-element-da15da0 elementor-widget elementor-widget-text-editor\" data-id=\"da15da0\" data-element_type=\"widget\" data-e-type=\"widget\" data-widget_type=\"text-editor.default\">\n\t\t\t\t<div class=\"elementor-widget-container\">\n\t\t\t\t\t\t\t\t\t<p>O nome Archer, arqueiro, foi escolhido por traduzir o objetivo dos projetos, servi\u00e7os, consultoria e planejamento estrat\u00e9gico oferecidos pela empresa aos seus clientes.<\/p><p>Em nosso trabalho, sempre buscamos assertividade. Lidamos diretamente com o mercado de futuros, op\u00e7\u00f5es e derivativos, cuja exig\u00eancia de segmenta\u00e7\u00e3o \u00e9 premissa para executar nossos servi\u00e7os com total efici\u00eancia.\u00a0<\/p><p>Definir o alvo, ou melhor, ser o arqueiro assertivo, \u00e9 o nosso prop\u00f3sito e tamb\u00e9m a nossa miss\u00e3o.<\/p>\t\t\t\t\t\t\t\t<\/div>\n\t\t\t\t<\/div>\n\t\t\t\t\t<\/div>\n\t\t<\/div>\n\t\t\t\t<div class=\"elementor-column elementor-col-50 elementor-top-column elementor-element elementor-element-32f12e2\" data-id=\"32f12e2\" data-element_type=\"column\" data-e-type=\"column\">\n\t\t\t<div class=\"elementor-widget-wrap elementor-element-populated\">\n\t\t\t\t\t\t<div class=\"elementor-element elementor-element-64a86c1 elementor-absolute elementor-invisible elementor-widget elementor-widget-image\" data-id=\"64a86c1\" data-element_type=\"widget\" data-e-type=\"widget\" data-settings=\"{&quot;_position&quot;:&quot;absolute&quot;,&quot;_animation&quot;:&quot;fadeInRight&quot;}\" data-widget_type=\"image.default\">\n\t\t\t\t<div class=\"elementor-widget-container\">\n\t\t\t\t\t\t\t\t\t\t\t\t\t\t\t<img fetchpriority=\"high\" decoding=\"async\" width=\"523\" height=\"612\" src=\"https:\/\/novo-site.archerconsulting.com.br\/wp-content\/uploads\/2024\/06\/notebook.png\" class=\"attachment-large size-large wp-image-360\" alt=\"\" srcset=\"https:\/\/novo-site.archerconsulting.com.br\/wp-content\/uploads\/2024\/06\/notebook.png 523w, https:\/\/novo-site.archerconsulting.com.br\/wp-content\/uploads\/2024\/06\/notebook-256x300.png 256w\" sizes=\"(max-width: 523px) 100vw, 523px\" \/>\t\t\t\t\t\t\t\t\t\t\t\t\t\t\t<\/div>\n\t\t\t\t<\/div>\n\t\t\t\t\t<\/div>\n\t\t<\/div>\n\t\t\t\t\t<\/div>\n\t\t<\/section>\n\t\t\t\t<section class=\"elementor-section elementor-top-section elementor-element elementor-element-d39c587 elementor-section-boxed elementor-section-height-default elementor-section-height-default\" data-id=\"d39c587\" data-element_type=\"section\" data-e-type=\"section\">\n\t\t\t\t\t\t<div class=\"elementor-container elementor-column-gap-default\">\n\t\t\t\t\t<div class=\"elementor-column elementor-col-50 elementor-top-column elementor-element elementor-element-77730c2 elementor-invisible\" data-id=\"77730c2\" data-element_type=\"column\" data-e-type=\"column\" data-settings=\"{&quot;animation&quot;:&quot;fadeInLeft&quot;}\">\n\t\t\t<div class=\"elementor-widget-wrap elementor-element-populated\">\n\t\t\t\t\t\t<div class=\"elementor-element elementor-element-dc71849 elementor-widget elementor-widget-image\" data-id=\"dc71849\" data-element_type=\"widget\" data-e-type=\"widget\" data-widget_type=\"image.default\">\n\t\t\t\t<div class=\"elementor-widget-container\">\n\t\t\t\t\t\t\t\t\t\t\t\t\t\t\t<img decoding=\"async\" width=\"569\" height=\"700\" src=\"https:\/\/novo-site.archerconsulting.com.br\/wp-content\/uploads\/2024\/06\/armandocorrea.png\" class=\"attachment-full size-full wp-image-187\" alt=\"\" srcset=\"https:\/\/novo-site.archerconsulting.com.br\/wp-content\/uploads\/2024\/06\/armandocorrea.png 569w, https:\/\/novo-site.archerconsulting.com.br\/wp-content\/uploads\/2024\/06\/armandocorrea-244x300.png 244w\" sizes=\"(max-width: 569px) 100vw, 569px\" \/>\t\t\t\t\t\t\t\t\t\t\t\t\t\t\t<\/div>\n\t\t\t\t<\/div>\n\t\t\t\t\t<\/div>\n\t\t<\/div>\n\t\t\t\t<div class=\"elementor-column elementor-col-50 elementor-top-column elementor-element elementor-element-b11bae7 elementor-invisible\" data-id=\"b11bae7\" data-element_type=\"column\" data-e-type=\"column\" data-settings=\"{&quot;animation&quot;:&quot;fadeInRight&quot;}\">\n\t\t\t<div class=\"elementor-widget-wrap elementor-element-populated\">\n\t\t\t\t\t\t<div class=\"elementor-element elementor-element-337545e elementor-widget elementor-widget-heading\" data-id=\"337545e\" data-element_type=\"widget\" data-e-type=\"widget\" data-widget_type=\"heading.default\">\n\t\t\t\t<div class=\"elementor-widget-container\">\n\t\t\t\t\t<p class=\"elementor-heading-title elementor-size-default\">Fundador<\/p>\t\t\t\t<\/div>\n\t\t\t\t<\/div>\n\t\t\t\t<div class=\"elementor-element elementor-element-0a0216e elementor-widget elementor-widget-heading\" data-id=\"0a0216e\" data-element_type=\"widget\" data-e-type=\"widget\" data-widget_type=\"heading.default\">\n\t\t\t\t<div class=\"elementor-widget-container\">\n\t\t\t\t\t<h3 class=\"elementor-heading-title elementor-size-default\">Arnaldo Corr\u00eaa<\/h3>\t\t\t\t<\/div>\n\t\t\t\t<\/div>\n\t\t\t\t<div class=\"elementor-element elementor-element-b16f182 elementor-widget elementor-widget-text-editor\" data-id=\"b16f182\" data-element_type=\"widget\" data-e-type=\"widget\" data-widget_type=\"text-editor.default\">\n\t\t\t\t<div class=\"elementor-widget-container\">\n\t\t\t\t\t\t\t\t\t<p>Gerente de Riscos do mercado de commodities agr\u00edcolas, Arnaldo Luiz Corr\u00eaa \u00e9 o diretor da Archer Consulting. Graduado em Administra\u00e7\u00e3o, com MBA em Gest\u00e3o Empresarial pela FGV.<\/p><p>Arnaldo atua h\u00e1 quase 30 anos no mercado de commodities agr\u00edcolas, nas \u00e1reas Comercial e Risco, em empresas como Cargill, Esteve, Copersucar, Macquarie Bank e Coimex Trading.<\/p><p>Trabalhou nos EUA, Inglaterra, Alemanha e Su\u00ed\u00e7a, sempre trabalhando com hedge, op\u00e7\u00f5es e derivativos. Foi tamb\u00e9m diretor da \u00e1rea agr\u00edcola da BM &amp; F Commodities e Futures Exchange, em S\u00e3o Paulo. Em parceria com o jornalista Carlos Raices, escreveu o livro Derivativos Agricolas, publicado pela Editora Globo.<\/p>\t\t\t\t\t\t\t\t<\/div>\n\t\t\t\t<\/div>\n\t\t\t\t<div class=\"elementor-element elementor-element-9996497 elementor-widget elementor-widget-button\" data-id=\"9996497\" data-element_type=\"widget\" data-e-type=\"widget\" data-widget_type=\"button.default\">\n\t\t\t\t<div class=\"elementor-widget-container\">\n\t\t\t\t\t\t\t\t\t<div class=\"elementor-button-wrapper\">\n\t\t\t\t\t<a class=\"elementor-button elementor-button-link elementor-size-sm\" href=\"https:\/\/novo-site.archerconsulting.com.br\/pt\/fale-conosco\/\">\n\t\t\t\t\t\t<span class=\"elementor-button-content-wrapper\">\n\t\t\t\t\t\t<span class=\"elementor-button-icon\">\n\t\t\t\t<svg aria-hidden=\"true\" class=\"e-font-icon-svg e-fas-angle-right\" viewBox=\"0 0 256 512\" xmlns=\"http:\/\/www.w3.org\/2000\/svg\"><path d=\"M224.3 273l-136 136c-9.4 9.4-24.6 9.4-33.9 0l-22.6-22.6c-9.4-9.4-9.4-24.6 0-33.9l96.4-96.4-96.4-96.4c-9.4-9.4-9.4-24.6 0-33.9L54.3 103c9.4-9.4 24.6-9.4 33.9 0l136 136c9.5 9.4 9.5 24.6.1 34z\"><\/path><\/svg>\t\t\t<\/span>\n\t\t\t\t\t\t\t\t\t<span class=\"elementor-button-text\">Entre em contato<\/span>\n\t\t\t\t\t<\/span>\n\t\t\t\t\t<\/a>\n\t\t\t\t<\/div>\n\t\t\t\t\t\t\t\t<\/div>\n\t\t\t\t<\/div>\n\t\t\t\t\t<\/div>\n\t\t<\/div>\n\t\t\t\t\t<\/div>\n\t\t<\/section>\n\t\t\t\t<\/div>\n\t\t","protected":false},"excerpt":{"rendered":"<p>a empresa Sobre a Archer Consulting Conhe\u00e7a sobre a hist\u00f3ria da Archer Consulting Entre em contato O sucesso do seu investimento nas m\u00e3os daqueles que sabem mais em commodities agr\u00edcolas.\u00a0 Criada h\u00e1 mais de 20 anos, a Archer Consulting \u00e9 uma empresa que une conhecimento sobre um dos mais antigos temas da humanidade \u2013 negocia\u00e7\u00e3o [&hellip;]<\/p>\n","protected":false},"author":1,"featured_media":0,"parent":0,"menu_order":0,"comment_status":"closed","ping_status":"closed","template":"elementor_header_footer","meta":{"footnotes":""},"class_list":["post-351","page","type-page","status-publish","hentry"],"_links":{"self":[{"href":"https:\/\/novo-site.archerconsulting.com.br\/pt\/wp-json\/wp\/v2\/pages\/351","targetHints":{"allow":["GET"]}}],"collection":[{"href":"https:\/\/novo-site.archerconsulting.com.br\/pt\/wp-json\/wp\/v2\/pages"}],"about":[{"href":"https:\/\/novo-site.archerconsulting.com.br\/pt\/wp-json\/wp\/v2\/types\/page"}],"author":[{"embeddable":true,"href":"https:\/\/novo-site.archerconsulting.com.br\/pt\/wp-json\/wp\/v2\/users\/1"}],"replies":[{"embeddable":true,"href":"https:\/\/novo-site.archerconsulting.com.br\/pt\/wp-json\/wp\/v2\/comments?post=351"}],"version-history":[{"count":61,"href":"https:\/\/novo-site.archerconsulting.com.br\/pt\/wp-json\/wp\/v2\/pages\/351\/revisions"}],"predecessor-version":[{"id":10495,"href":"https:\/\/novo-site.archerconsulting.com.br\/pt\/wp-json\/wp\/v2\/pages\/351\/revisions\/10495"}],"wp:attachment":[{"href":"https:\/\/novo-site.archerconsulting.com.br\/pt\/wp-json\/wp\/v2\/media?parent=351"}],"curies":[{"name":"wp","href":"https:\/\/api.w.org\/{rel}","templated":true}]}}